{"id":56,"date":"2022-10-13T18:43:27","date_gmt":"2022-10-13T16:43:27","guid":{"rendered":"http:\/\/lpj.sk\/?page_id=56"},"modified":"2026-02-01T15:45:41","modified_gmt":"2026-02-01T14:45:41","slug":"referencie","status":"publish","type":"page","link":"https:\/\/lpj.sk\/?page_id=56","title":{"rendered":"Referencie"},"content":{"rendered":"\n<p><strong><a rel=\"noreferrer noopener\" href=\"https:\/\/boviaisa.sk\/kontakt\/\" data-type=\"URL\" data-id=\"https:\/\/boviaisa.sk\/kontakt\/\" target=\"_blank\"><mark style=\"background-color:rgba(0, 0, 0, 0)\" class=\"has-inline-color has-black-color\">BOVI-AISA, s.r.o.<\/mark><\/a><\/strong><\/p>\n\n\n\n<p><a rel=\"noreferrer noopener\" href=\"https:\/\/nitroterratechnology.com\/sk\" data-type=\"URL\" data-id=\"https:\/\/nitroterratechnology.com\/sk\" target=\"_blank\"><mark style=\"background-color:rgba(0, 0, 0, 0)\" class=\"has-inline-color has-black-color\"><strong>Nitroterra Technology j.s.a.<\/strong><\/mark><\/a><\/p>\n\n\n\n<p><a rel=\"noreferrer noopener\" href=\"https:\/\/coloursofclimbing.sk\/\" data-type=\"URL\" data-id=\"https:\/\/coloursofclimbing.sk\/\" target=\"_blank\"><strong><mark style=\"background-color:rgba(0, 0, 0, 0)\" class=\"has-inline-color has-black-color\">Igor Marks s.r.o.<\/mark><\/strong><\/a><\/p>\n\n\n\n<p><a rel=\"noreferrer noopener\" href=\"https:\/\/www.cubetech.sk\/\" data-type=\"URL\" data-id=\"https:\/\/www.cubetech.sk\/\" target=\"_blank\"><strong><mark style=\"background-color:rgba(0, 0, 0, 0)\" class=\"has-inline-color has-black-color\">CUBETECH, s.r.o.<\/mark><\/strong><\/a><\/p>\n\n\n\n<p><a rel=\"noreferrer noopener\" href=\"https:\/\/haskom-automation.com\/\" data-type=\"URL\" data-id=\"https:\/\/haskom-automation.com\/\" target=\"_blank\"><strong><mark style=\"background-color:rgba(0, 0, 0, 0)\" class=\"has-inline-color has-black-color\">HASKOM Automation, s.r.o<\/mark><\/strong>.<\/a><\/p>\n\n\n\n<p class=\"has-black-color has-text-color\"><strong>Alien studio s.r.o.<\/strong><\/p>\n\n\n\n<p class=\"has-black-color has-text-color\"><strong>V\u00fdskumn\u00fd \u00fastav zv\u00e1ra\u010dsk\u00fd z.z.p.o.<\/strong><\/p>\n\n\n\n<p class=\"has-black-color has-text-color\"><strong>KL Eutektikum s.r.o.<\/strong><\/p>\n\n\n\n<p class=\"has-black-color has-text-color\"><strong>HAFT s.r.o.<\/strong><\/p>\n\n\n\n<p class=\"has-black-color has-text-color\"><strong>MBM GROUP a.s.<\/strong><\/p>\n\n\n\n<p class=\"has-black-color has-text-color\"><strong>LEZOLEP s.r.o.<\/strong><\/p>\n\n\n\n<p class=\"has-black-color has-text-color\"><strong>Kobera &#8211; NAD s.r.o.<\/strong><\/p>\n\n\n\n<p><\/p>\n","protected":false},"excerpt":{"rendered":"<p>BOVI-AISA, s.r.o. Nitroterra Technology j.s.a. Igor Marks s.r.o. CUBETECH, s.r.o. HASKOM Automation, s.r.o. Alien studio s.r.o. V\u00fdskumn\u00fd \u00fastav zv\u00e1ra\u010dsk\u00fd z.z.p.o. KL Eutektikum s.r.o. HAFT s.r.o. MBM GROUP a.s. LEZOLEP s.r.o. Kobera &#8211; NAD s.r.o.<\/p>\n","protected":false},"author":1,"featured_media":0,"parent":0,"menu_order":0,"comment_status":"closed","ping_status":"closed","template":"","meta":{"_monsterinsights_skip_tracking":false,"_monsterinsights_sitenote_active":false,"_monsterinsights_sitenote_note":"","_monsterinsights_sitenote_category":0,"footnotes":""},"class_list":["post-56","page","type-page","status-publish","hentry"],"_links":{"self":[{"href":"https:\/\/lpj.sk\/index.php?rest_route=\/wp\/v2\/pages\/56","targetHints":{"allow":["GET"]}}],"collection":[{"href":"https:\/\/lpj.sk\/index.php?rest_route=\/wp\/v2\/pages"}],"about":[{"href":"https:\/\/lpj.sk\/index.php?rest_route=\/wp\/v2\/types\/page"}],"author":[{"embeddable":true,"href":"https:\/\/lpj.sk\/index.php?rest_route=\/wp\/v2\/users\/1"}],"replies":[{"embeddable":true,"href":"https:\/\/lpj.sk\/index.php?rest_route=%2Fwp%2Fv2%2Fcomments&post=56"}],"version-history":[{"count":6,"href":"https:\/\/lpj.sk\/index.php?rest_route=\/wp\/v2\/pages\/56\/revisions"}],"predecessor-version":[{"id":224,"href":"https:\/\/lpj.sk\/index.php?rest_route=\/wp\/v2\/pages\/56\/revisions\/224"}],"wp:attachment":[{"href":"https:\/\/lpj.sk\/index.php?rest_route=%2Fwp%2Fv2%2Fmedia&parent=56"}],"curies":[{"name":"wp","href":"https:\/\/api.w.org\/{rel}","templated":true}]}}