{"id":43,"date":"2022-09-29T13:10:42","date_gmt":"2022-09-29T11:10:42","guid":{"rendered":"http:\/\/lpj.sk\/?page_id=43"},"modified":"2022-09-29T13:10:42","modified_gmt":"2022-09-29T11:10:42","slug":"pravidla-cookies","status":"publish","type":"page","link":"https:\/\/lpj.sk\/?page_id=43","title":{"rendered":"Pravidl\u00e1 cookies"},"content":{"rendered":"\n<h3 class=\"wp-block-heading\">1. O cookies<\/h3>\n\n\n\n<p>1.1 Cookie je s\u00fabor obsahuj\u00faci identifik\u00e1tor (re\u0165azec p\u00edsmen a \u010d\u00edsel), ktor\u00fd posiela webov\u00fd server do webov\u00e9ho prehliada\u010da a je ulo\u017een\u00fd prehliada\u010dom. Identifik\u00e1tor sa potom odosiela sp\u00e4\u0165 na server v\u017edy, ke\u010f prehliada\u010d po\u017eaduje od servera str\u00e1nku.<\/p>\n\n\n\n<p>1.2 S\u00fabory cookies m\u00f4\u017eu by\u0165 bu\u010f \u201etrval\u00e9\u201c s\u00fabory cookies, alebo s\u00fabory \u201erel\u00e1cie\u201c: trval\u00fd s\u00fabor cookie bude ulo\u017een\u00fd vo webovom prehliada\u010di a zostane platn\u00fd a\u017e do stanoven\u00e9ho d\u00e1tumu vypr\u0161ania platnosti, pokia\u013e nie je pred d\u00e1tumom vypr\u0161ania platnosti vymazan\u00fd pou\u017e\u00edvate\u013eom; cookies rel\u00e1cie vypr\u0161ia na konci rel\u00e1cie pou\u017e\u00edvate\u013ea, ke\u010f je webov\u00fd prehliada\u010d zatvoren\u00fd.<\/p>\n\n\n\n<p>1.3 S\u00fabory cookies zvy\u010dajne neobsahuj\u00fa \u017eiadne inform\u00e1cie, ktor\u00e9 osobne identifikuj\u00fa pou\u017e\u00edvate\u013ea, ale osobn\u00e9 inform\u00e1cie, ktor\u00e9 uklad\u00e1me, m\u00f4\u017eu by\u0165 prepojen\u00e9 s inform\u00e1ciami ulo\u017een\u00fdmi v cookies a z\u00edskan\u00fdmi z nich.<\/p>\n\n\n\n<h3 class=\"wp-block-heading\">2. Cookies, ktor\u00e9 pou\u017e\u00edvame<\/h3>\n\n\n\n<p>2.1 Cookies pou\u017e\u00edvame na nasleduj\u00face \u00fa\u010dely:<\/p>\n\n\n\n<p>(a) overovanie \u2013 s\u00fabory cookies pou\u017e\u00edvame na va\u0161u identifik\u00e1ciu pri n\u00e1v\u0161teve na\u0161ich webov\u00fdch str\u00e1nok a po\u010das navig\u00e1cie na na\u0161ich webov\u00fdch str\u00e1nkach;<\/p>\n\n\n\n<p>(b) anal\u00fdza \u2013 pou\u017e\u00edvame s\u00fabory cookies, ktor\u00e9 n\u00e1m pom\u00e1haj\u00fa analyzova\u0165 pou\u017e\u00edvanie a v\u00fdkonnos\u0165 na\u0161ich webov\u00fdch str\u00e1nok a slu\u017eieb; a<\/p>\n\n\n\n<p>(c) s\u00fahlas cookies \u2013 s\u00fabory cookies pou\u017e\u00edvame na ukladanie va\u0161ich preferenci\u00ed k pou\u017e\u00edvaniu s\u00faborov cookies pri prehliadan\u00ed webovej str\u00e1nky<\/p>\n\n\n\n<h3 class=\"wp-block-heading\">3. Cookies pou\u017e\u00edvan\u00e9 na\u0161imi poskytovate\u013emi slu\u017eieb<\/h3>\n\n\n\n<p>3.1 Na\u0161i poskytovatelia slu\u017eieb pou\u017e\u00edvaj\u00fa s\u00fabory cookies a tieto cookies m\u00f4\u017eu by\u0165 ulo\u017een\u00e9 vo va\u0161om po\u010d\u00edta\u010di pri n\u00e1v\u0161teve na\u0161ich webov\u00fdch str\u00e1nok.<\/p>\n\n\n\n<p>3.2 Na anal\u00fdzu pou\u017e\u00edvania na\u0161ich webov\u00fdch str\u00e1nok pou\u017e\u00edvame slu\u017ebu <em>Google Analytics<\/em>. Slu\u017eba Google Analytics zhroma\u017e\u010fuje inform\u00e1cie o pou\u017e\u00edvan\u00ed webov\u00fdch str\u00e1nok prostredn\u00edctvom s\u00faborov cookies. Zhroma\u017eden\u00e9 inform\u00e1cie t\u00fdkaj\u00face sa na\u0161ich webov\u00fdch str\u00e1nok sa pou\u017e\u00edvaj\u00fa na vytv\u00e1ranie preh\u013eadov o pou\u017e\u00edvan\u00ed na\u0161ich webov\u00fdch str\u00e1nok. Pravidl\u00e1 ochrany osobn\u00fdch \u00fadajov spolo\u010dnosti Google s\u00fa k dispoz\u00edcii na str\u00e1nke: <a href=\"https:\/\/policies.google.com\/privacy?hl=sk\" target=\"_blank\" rel=\"noreferrer noopener\">https:\/\/policies.google.com\/privacy?hl=sk<\/a>.<\/p>\n\n\n\n<h3 class=\"wp-block-heading\">4. Spr\u00e1va s\u00faborov cookies<\/h3>\n\n\n\n<p>4.1 V\u00e4\u010d\u0161ina prehliada\u010dov v\u00e1m umo\u017e\u0148uje odmietnu\u0165 prijatie s\u00faborov cookies a odstr\u00e1ni\u0165 s\u00fabory cookies. Met\u00f3dy na ich spr\u00e1vu sa l\u00ed\u0161ia v z\u00e1vislosti od prehliada\u010da a verzie prehliada\u010da. M\u00f4\u017eete v\u0161ak z\u00edska\u0165 aktu\u00e1lne inform\u00e1cie o blokovan\u00ed a mazan\u00ed s\u00faborov cookies prostredn\u00edctvom t\u00fdchto odkazov:<\/p>\n\n\n\n<p>(a) <a href=\"https:\/\/support.google.com\/chrome\/answer\/95647?hl=sk\" target=\"_blank\" rel=\"noreferrer noopener\">https:\/\/support.google.com\/chrome\/answer\/95647?hl=sk<\/a> (Chrome);<\/p>\n\n\n\n<p>(b) <a href=\"https:\/\/support.mozilla.org\/sk\/kb\/povolenie-zakazanie-cookies\" target=\"_blank\" rel=\"noreferrer noopener\">https:\/\/support.mozilla.org\/sk\/kb\/povolenie-zakazanie-cookies<\/a> (Firefox);<\/p>\n\n\n\n<p>(c) <a href=\"http:\/\/www.opera.com\/help\/tutorials\/security\/cookies\/\" target=\"_blank\" rel=\"noreferrer noopener\">http:\/\/www.opera.com\/help\/tutorials\/security\/cookies\/<\/a> (Opera);<\/p>\n\n\n\n<p>(d) <a href=\"https:\/\/support.microsoft.com\/sk-sk\/help\/17442\/windows-internet-explorer-delete-manage-cookies\" target=\"_blank\" rel=\"noreferrer noopener\">https:\/\/support.microsoft.com\/sk-sk\/help\/17442\/windows-internet-explorer-delete-manage-cookies<\/a> (Internet Explorer);<\/p>\n\n\n\n<p>(e) <a href=\"https:\/\/support.apple.com\/kb\/PH21411?locale=sk_SK\" target=\"_blank\" rel=\"noreferrer noopener\">https:\/\/support.apple.com\/kb\/PH21411?locale=sk_SK<\/a> (Safari); a<\/p>\n\n\n\n<p>(f) <a href=\"https:\/\/privacy.microsoft.com\/en-us\/windows-10-microsoft-edge-and-privacy\" target=\"_blank\" rel=\"noreferrer noopener\">https:\/\/privacy.microsoft.com\/en-us\/windows-10-microsoft-edge-and-privacy<\/a> (Edge).<\/p>\n\n\n\n<p>4.2 Blokovanie v\u0161etk\u00fdch s\u00faborov cookies bude ma\u0165 negat\u00edvny vplyv na pou\u017eite\u013enos\u0165 mnoh\u00fdch webov\u00fdch str\u00e1nok.<\/p>\n\n\n\n<p>4.3 Ak zablokujete cookies, nebudete m\u00f4c\u0165 pou\u017e\u00edva\u0165 v\u0161etky funkcie na\u0161ich webov\u00fdch str\u00e1nok.<\/p>\n","protected":false},"excerpt":{"rendered":"<p>1. O cookies 1.1 Cookie je s\u00fabor obsahuj\u00faci identifik\u00e1tor (re\u0165azec p\u00edsmen a \u010d\u00edsel), ktor\u00fd posiela webov\u00fd server do webov\u00e9ho prehliada\u010da a je ulo\u017een\u00fd prehliada\u010dom. Identifik\u00e1tor sa potom odosiela sp\u00e4\u0165 na server v\u017edy, ke\u010f prehliada\u010d po\u017eaduje od servera str\u00e1nku. 1.2 S\u00fabory cookies m\u00f4\u017eu by\u0165 bu\u010f \u201etrval\u00e9\u201c s\u00fabory cookies, alebo s\u00fabory \u201erel\u00e1cie\u201c:&#8230;<\/p>\n","protected":false},"author":1,"featured_media":0,"parent":0,"menu_order":0,"comment_status":"closed","ping_status":"closed","template":"","meta":{"_monsterinsights_skip_tracking":false,"_monsterinsights_sitenote_active":false,"_monsterinsights_sitenote_note":"","_monsterinsights_sitenote_category":0,"footnotes":""},"class_list":["post-43","page","type-page","status-publish","hentry"],"_links":{"self":[{"href":"https:\/\/lpj.sk\/index.php?rest_route=\/wp\/v2\/pages\/43","targetHints":{"allow":["GET"]}}],"collection":[{"href":"https:\/\/lpj.sk\/index.php?rest_route=\/wp\/v2\/pages"}],"about":[{"href":"https:\/\/lpj.sk\/index.php?rest_route=\/wp\/v2\/types\/page"}],"author":[{"embeddable":true,"href":"https:\/\/lpj.sk\/index.php?rest_route=\/wp\/v2\/users\/1"}],"replies":[{"embeddable":true,"href":"https:\/\/lpj.sk\/index.php?rest_route=%2Fwp%2Fv2%2Fcomments&post=43"}],"version-history":[{"count":1,"href":"https:\/\/lpj.sk\/index.php?rest_route=\/wp\/v2\/pages\/43\/revisions"}],"predecessor-version":[{"id":44,"href":"https:\/\/lpj.sk\/index.php?rest_route=\/wp\/v2\/pages\/43\/revisions\/44"}],"wp:attachment":[{"href":"https:\/\/lpj.sk\/index.php?rest_route=%2Fwp%2Fv2%2Fmedia&parent=43"}],"curies":[{"name":"wp","href":"https:\/\/api.w.org\/{rel}","templated":true}]}}