{"id":3,"date":"2022-09-28T15:48:41","date_gmt":"2022-09-28T13:48:41","guid":{"rendered":"http:\/\/lpj.sk\/?page_id=3"},"modified":"2022-09-29T13:25:38","modified_gmt":"2022-09-29T11:25:38","slug":"ochrana-sukromia","status":"publish","type":"page","link":"https:\/\/lpj.sk\/?page_id=3","title":{"rendered":"Ochrana osobn\u00fdch \u00fadajov"},"content":{"rendered":"\n<h2 class=\"wp-block-heading\">Z\u00e1sady ochrany osobn\u00fdch \u00fadajov<\/h2>\n\n\n\n<h3 class=\"wp-block-heading\">1. \u00davod<\/h3>\n\n\n\n<p>1.1 Zaviazali sme sa chr\u00e1ni\u0165 s\u00fakromie n\u00e1v\u0161tevn\u00edkov na\u0161ich str\u00e1nok a pou\u017e\u00edvate\u013eov na\u0161ich slu\u017eieb.<\/p>\n\n\n\n<p>1.2 Tieto pravidl\u00e1 platia v\u0161ade tam, ke\u010f sme spr\u00e1vcami osobn\u00fdch \u00fadajov n\u00e1v\u0161tevn\u00edkov na\u0161ich webov\u00fdch str\u00e1nok a pou\u017e\u00edvate\u013eov na\u0161ich slu\u017eieb, in\u00fdmi slovami, kde ur\u010dujeme \u00fa\u010del a v\u00fdznam spracovania t\u00fdchto osobn\u00fdch \u00fadajov.<\/p>\n\n\n\n<p>1.3 Pri prvej n\u00e1v\u0161teve na\u0161ej webovej str\u00e1nky v\u00e1s \u017eiadame, o s\u00fahlas s pou\u017e\u00edvan\u00edm s\u00faborov cookies v s\u00falade s podmienkami t\u00fdchto pravidiel.<\/p>\n\n\n\n<p>1.4 V t\u00fdchto z\u00e1sadach \u201emy\u201c, \u201en\u00e1m\u201c a \u201en\u00e1\u0161\u201c ozna\u010duje <em>LPJ, s.r.o.<\/em> Pre viac inform\u00e1cii o n\u00e1s, si pozrite Sekciu 12.<\/p>\n\n\n\n<h3 class=\"wp-block-heading\">2. Ako pou\u017e\u00edvame osobn\u00e9 d\u00e1ta<\/h3>\n\n\n\n<p>2.1 V tejto \u010dasti 2 sme stanovili:<\/p>\n\n\n\n<p>(a)v\u0161eobecn\u00e9 kateg\u00f3rie osobn\u00fdch \u00fadajov, ktor\u00e9 spracov\u00e1vame;<\/p>\n\n\n\n<p>(b) zdroj a kateg\u00f3riu \u00fadajov, v pr\u00edpade d\u00e1t, ktor\u00e9 sme neobdr\u017eali priamo od V\u00e1s;<\/p>\n\n\n\n<p>(c) \u00fa\u010del, na ktor\u00fd osobn\u00e9 \u00fadaje spracov\u00e1vame;<\/p>\n\n\n\n<p>(d) pr\u00e1vne z\u00e1klady ich spracovania.<\/p>\n\n\n\n<p>2.2 M\u00f4\u017eeme spracov\u00e1va\u0165 \u00fadaje o pou\u017e\u00edvan\u00ed na\u0161ich webov\u00fdch str\u00e1nok a slu\u017eieb <strong>(\u00fadaje o pou\u017e\u00edvan\u00ed<\/strong>). <strong>\u00dadaje o pou\u017e\u00edvan\u00ed<\/strong> m\u00f4\u017eu obsahova\u0165 va\u0161u IP adresu, geografick\u00fa polohu, webov\u00fd prehliada\u010d a jeho verziu, opera\u010dn\u00fd syst\u00e9m, referen\u010dn\u00fd zdroj, d\u013a\u017eku n\u00e1v\u0161tevy, zobrazenia str\u00e1nok a naviga\u010dn\u00e9 cesty str\u00e1nok, rovnako aj inform\u00e1cie o \u010dasovan\u00ed, frekvencii a vzorci pou\u017e\u00edvania na\u0161ej slu\u017eby. Zdrojom \u00fadajov o pou\u017e\u00edvan\u00ed je slu\u017eba Google Analytics. Tieto \u00fadaje o pou\u017e\u00edvan\u00ed m\u00f4\u017eu by\u0165 spracovan\u00e9 na \u00fa\u010dely anal\u00fdzy pou\u017e\u00edvania webov\u00fdch str\u00e1nok a slu\u017eieb. Pr\u00e1vnym z\u00e1kladom tohto spracovania je s\u00fahlas a na\u0161e opr\u00e1vnen\u00e9 z\u00e1ujmy, t. j. monitorovanie a zlep\u0161ovanie na\u0161ich webov\u00fdch str\u00e1nok a slu\u017eieb.<\/p>\n\n\n\n<p>2.3 M\u00f4\u017eeme spracov\u00e1va\u0165 inform\u00e1cie, ktor\u00e9 zverej\u0148ujete na na\u0161ich webov\u00fdch str\u00e1nkach alebo prostredn\u00edctvom \u00fadajov, ktor\u00e9 pou\u017eijete pri vyu\u017e\u00edvan\u00ed na\u0161ich slu\u017eieb. Uverejnen\u00e9 \u00fadaje m\u00f4\u017eu by\u0165 spracovan\u00e9 na \u00fa\u010dely ich uverejnenia a spravovania na\u0161ich webov\u00fdch str\u00e1nok a slu\u017eieb. Pr\u00e1vnym z\u00e1kladom tohto spracovania je s\u00fahlas.<\/p>\n\n\n\n<p>2.4 M\u00f4\u017eeme spracov\u00e1va\u0165 inform\u00e1cie obsiahnut\u00e9 v akomko\u013evek dotazn\u00edku (<strong>\u00fadaje z dotazov<\/strong>), pokia\u013e sa jedn\u00e1 o \u00fadaje oh\u013eadne tovaru a \/ alebo slu\u017eieb. Pr\u00e1vnym z\u00e1kladom tohto spracovania je s\u00fahlas.<\/p>\n\n\n\n<p>2.5 M\u00f4\u017eeme spracov\u00e1va\u0165 inform\u00e1cie (<strong>kontaktn\u00e9 \u00fadaje<\/strong>) obsiahnut\u00e9 v alebo s\u00favisiace s akouko\u013evek komunik\u00e1ciou, ktor\u00fa n\u00e1m posielate kontaktn\u00e9 \u00fadaje. D\u00e1ta kore\u0161pondencie m\u00f4\u017eu obsahova\u0165 komunika\u010dn\u00fd obsah a meta\u00fadaje spojen\u00e9 s komunik\u00e1ciou. Na\u0161e webov\u00e9 str\u00e1nky vygeneruj\u00fa metad\u00e1ta s\u00favisiace s komunik\u00e1ciou prostredn\u00edctvom kontaktn\u00fdch formul\u00e1rov webov\u00fdch str\u00e1nok. \u00dadaje o kore\u0161pondencii m\u00f4\u017eu by\u0165 spracovan\u00e9 na \u00fa\u010dely komunik\u00e1cie s vami a vedenia z\u00e1znamov. Pr\u00e1vnym z\u00e1kladom tohto spracovania s\u00fa na\u0161e opr\u00e1vnen\u00e9 z\u00e1ujmy, a to riadna spr\u00e1va na\u0161ich webov\u00fdch str\u00e1nok a podnikania a komunik\u00e1cia s pou\u017e\u00edvate\u013emi a \/ alebo plnenie zmluvy medzi vami a nami a \/ alebo kroky ved\u00face k uzavretiu zmluvy.<\/p>\n\n\n\n<p>2.6 M\u00f4\u017eeme spracova\u0165 ak\u00e9ko\u013evek va\u0161e osobn\u00e9 \u00fadaje uveden\u00e9 v t\u00fdchto pravidl\u00e1ch, ak je to potrebn\u00e9 na vytvorenie, uplatnenie alebo obhajobu pr\u00e1vnych n\u00e1rokov, \u010di u\u017e v s\u00fadnom konan\u00ed alebo v spr\u00e1vnom alebo mimos\u00fadnom konan\u00ed. Pr\u00e1vnym z\u00e1kladom tohto spracovania s\u00fa na\u0161e legit\u00edmne z\u00e1ujmy, a to ochrana a presadzovanie na\u0161ich z\u00e1konn\u00fdch pr\u00e1v, va\u0161e z\u00e1konn\u00e9 pr\u00e1va a z\u00e1konn\u00e9 pr\u00e1va in\u00fdch.<\/p>\n\n\n\n<p>2.7 Okrem \u0161pecifick\u00fdch \u00fa\u010delov, na ktor\u00e9 m\u00f4\u017eeme spracova\u0165 va\u0161e osobn\u00e9 \u00fadaje stanoven\u00e9 v tejto \u010dasti 2, m\u00f4\u017eeme spracova\u0165 aj ak\u00e9ko\u013evek va\u0161e osobn\u00e9 \u00fadaje, ak je tak\u00e9to spracovanie nevyhnutn\u00e9 pre splnenie z\u00e1konnej povinnosti, ktorou podliehame, alebo pre ochranu svojich \u017eivotn\u00fdch z\u00e1ujmov alebo \u017eivotn\u00fdch z\u00e1ujmy inej fyzickej osoby.<\/p>\n\n\n\n<h3 class=\"wp-block-heading\">3. Poskytovanie va\u0161ich osobn\u00fdch \u00fadajov in\u00fdm osob\u00e1m<\/h3>\n\n\n\n<p>3.1 Okrem \u0161pecifick\u00fdch zverejnen\u00ed osobn\u00fdch \u00fadajov uveden\u00fdch v tejto \u010dasti 3, m\u00f4\u017eeme zverejni\u0165 va\u0161e osobn\u00e9 \u00fadaje, ak je tak\u00e9to zverejnenie nevyhnutn\u00e9 na splnenie z\u00e1konnej povinnosti, ktorou sme vystaven\u00ed, alebo na ochranu va\u0161ich \u017eivotne d\u00f4le\u017eit\u00fdch z\u00e1ujmov alebo \u017eivotne d\u00f4le\u017eit\u00fdch z\u00e1ujmov inej fyzickej osoby. Va\u0161e osobn\u00e9 \u00fadaje m\u00f4\u017eeme zverejni\u0165 aj vtedy, ak je tak\u00e9to zverejnenie nevyhnutn\u00e9 na zistenie, uplatnenie alebo obhajobu pr\u00e1vnych n\u00e1rokov, \u010di u\u017e v s\u00fadnom konan\u00ed alebo v spr\u00e1vnom alebo mimos\u00fadnom konan\u00ed.<\/p>\n\n\n\n<h3 class=\"wp-block-heading\">4. Medzin\u00e1rodn\u00e9 prenosy va\u0161ich osobn\u00fdch \u00fadajov<\/h3>\n\n\n\n<p>4.1 Beriete na vedomie, \u017ee osobn\u00e9 \u00fadaje, ktor\u00e9 odo\u0161lete na zverejnenie prostredn\u00edctvom na\u0161ich webov\u00fdch str\u00e1nok alebo slu\u017eieb, m\u00f4\u017eu by\u0165 pr\u00edstupn\u00e9 prostredn\u00edctvom internetu na celom svete. Nem\u00f4\u017eeme zabr\u00e1ni\u0165 pou\u017eitiu (alebo zneu\u017eitiu) tak\u00fdchto osobn\u00fdch \u00fadajov in\u00fdmi osobami.<\/p>\n\n\n\n<h3 class=\"wp-block-heading\">5. Uchov\u00e1vanie a mazanie osobn\u00fdch \u00fadajov<\/h3>\n\n\n\n<p>5.1 T\u00e1to \u010das\u0165 5 stanovuje na\u0161e z\u00e1sady a postupy uchov\u00e1vania \u00fadajov, ktor\u00e9 s\u00fa navrhnut\u00e9 tak, aby pomohli zabezpe\u010di\u0165 dodr\u017eiavanie na\u0161ich z\u00e1konn\u00fdch povinnost\u00ed v s\u00favislosti so zachovan\u00edm a vymazan\u00edm osobn\u00fdch \u00fadajov.<\/p>\n\n\n\n<p>5.2 Osobn\u00e9 \u00fadaje, ktor\u00e9 spracov\u00e1vame na ak\u00fdko\u013evek \u00fa\u010del alebo \u00fa\u010dely, sa nesm\u00fa uchov\u00e1va\u0165 dlh\u0161ie, ne\u017e je potrebn\u00e9 na tento \u00fa\u010del alebo na tieto \u00fa\u010dely.<\/p>\n\n\n\n<p>5.3 Osobn\u00e9 \u00fadaje budeme uchov\u00e1va\u0165 nasledovne:<\/p>\n\n\n\n<p>(a) <strong>\u00fadaje o pou\u017e\u00edvan\u00ed, \u00fadaje o zverej\u0148ovan\u00ed, \u00fadaje z dotazov, notifika\u010dn\u00e9 \u00fadaje a \u00fadaje<\/strong> z kore\u0161pondencie sa uchovaj\u00fa po dobu maxim\u00e1lne 10 rokov.<\/p>\n\n\n\n<p>5.4 Bez oh\u013eadu na ostatn\u00e9 ustanovenia tejto \u010dasti 5 si m\u00f4\u017eeme ponecha\u0165 va\u0161e osobn\u00e9 \u00fadaje, ak je tak\u00e9to uchov\u00e1vanie nevyhnutn\u00e9 na splnenie z\u00e1konnej povinnosti, ktorou sme vystaven\u00ed, alebo na ochranu va\u0161ich \u017eivotne d\u00f4le\u017eit\u00fdch z\u00e1ujmov alebo \u017eivotn\u00fdch z\u00e1ujmov inej fyzickej osoby.<\/p>\n\n\n\n<h3 class=\"wp-block-heading\">6. Zmeny<\/h3>\n\n\n\n<p>6.1 Tieto pravidl\u00e1 m\u00f4\u017eeme z \u010dasu na \u010das aktualizova\u0165 zverejnen\u00edm novej verzie na na\u0161ich webov\u00fdch str\u00e1nkach.<\/p>\n\n\n\n<p>6.2 Pr\u00edle\u017eitostne by ste mali t\u00fato str\u00e1nku skontrolova\u0165, aby ste boli spokojn\u00ed s ak\u00fdmiko\u013evek zmenami v t\u00fdchto pravidl\u00e1ch.<\/p>\n\n\n\n<p>6.3 Na zmeny t\u00fdchto pravidiel v\u00e1s m\u00f4\u017eeme informova\u0165 e-mailom.<\/p>\n\n\n\n<h3 class=\"wp-block-heading\">7. Va\u0161e pr\u00e1va<\/h3>\n\n\n\n<p>7.1 V tejto \u010dasti 7 sme zhrnuli pr\u00e1va, ktor\u00e9 m\u00e1te pod\u013ea z\u00e1kona o ochrane \u00fadajov. Niektor\u00e9 pr\u00e1va s\u00fa zlo\u017eit\u00e9 a nie v\u0161etky podrobnosti boli zahrnut\u00e9 do na\u0161ich s\u00fahrnov. Preto by ste si mali pre\u010d\u00edta\u0165 pr\u00edslu\u0161n\u00e9 z\u00e1kony a usmernenia regula\u010dn\u00fdch org\u00e1nov o \u00faplnom vysvetlen\u00ed t\u00fdchto pr\u00e1v.<\/p>\n\n\n\n<p>7.2 Va\u0161e z\u00e1kladn\u00e9 pr\u00e1va pod\u013ea z\u00e1kona o ochrane \u00fadajov s\u00fa:<\/p>\n\n\n\n<p>(a) pr\u00e1vo na pr\u00edstup;<\/p>\n\n\n\n<p>(b) pr\u00e1vo na opravu;<\/p>\n\n\n\n<p>(c) pr\u00e1vo vymazanie;<\/p>\n\n\n\n<p>(d) pr\u00e1vo na obmedzenie spracovania;<\/p>\n\n\n\n<p>(e) pr\u00e1vo namieta\u0165 proti spracovaniu;<\/p>\n\n\n\n<p>(f) pr\u00e1vo na prenos \u00fadajov;<\/p>\n\n\n\n<p>(g) pr\u00e1vo s\u0165a\u017eova\u0165 sa dozorn\u00e9mu org\u00e1nu; a<\/p>\n\n\n\n<p>(h) pr\u00e1vo odobra\u0165 s\u00fahlas.<\/p>\n\n\n\n<p>7.3 M\u00e1te pr\u00e1vo potvrdi\u0165, \u010di m\u00f4\u017eeme spracova\u0165 va\u0161e osobn\u00e9 \u00fadaje a kde k nim pristupujeme spolu s \u010fal\u0161\u00edmi inform\u00e1ciami. Tieto dopl\u0148uj\u00face inform\u00e1cie zah\u0155\u0148aj\u00fa podrobnosti o \u00fa\u010deloch spracovania, kateg\u00f3ri\u00e1ch dotknut\u00fdch osobn\u00fdch \u00fadajov a osob\u00e1ch, ktor\u00e9 s\u00fa pr\u00edjemcami osobn\u00fdch \u00fadajov. Poskytovanie pr\u00e1v a slob\u00f4d ostatn\u00fdch nie je ovplyvnen\u00e9, poskytneme v\u00e1m k\u00f3piu va\u0161ich osobn\u00fdch \u00fadajov. Prv\u00e1 k\u00f3pia bude poskytnut\u00e1 bezplatne, ale \u010fal\u0161ie k\u00f3pie m\u00f4\u017eu by\u0165 spoplatnen\u00e9 primeran\u00fdm poplatkom.<\/p>\n\n\n\n<p>7.4 M\u00e1te pr\u00e1vo na opravu ak\u00fdchko\u013evek nepresn\u00fdch osobn\u00fdch \u00fadajov a s oh\u013eadom na \u00fa\u010dely spracovania, ak m\u00e1te m\u00e1te ne\u00fapln\u00e9 osobn\u00e9 \u00fadaje o v\u00e1s vyplnen\u00e9.<\/p>\n\n\n\n<p>7.5 Za ur\u010dit\u00fdch okolnost\u00ed m\u00e1te pr\u00e1vo na vymazanie va\u0161ich osobn\u00fdch \u00fadajov bez zbyto\u010dn\u00e9ho odkladu. Medzi tieto okolnosti patr\u00ed: osobn\u00e9 \u00fadaje u\u017e nie s\u00fa potrebn\u00e9 k \u00fa\u010delu, na ktor\u00e9 boli zhroma\u017eden\u00e9 alebo inak spracovan\u00e9; odoberiete s\u00fahlas so spracovan\u00edm na z\u00e1klade s\u00fahlasu; m\u00e1te n\u00e1mietky vo\u010di spracovaniu pod\u013ea ur\u010dit\u00fdch pravidiel platn\u00e9ho z\u00e1kona o ochrane \u00fadajov; spracovanie je ur\u010den\u00e9 na \u00fa\u010dely priameho marketingu; a osobn\u00e9 \u00fadaje boli neopr\u00e1vnene spracovan\u00e9. Existuj\u00fa v\u0161ak v\u00fdnimky pr\u00e1va na vymazanie. V\u0161eobecn\u00e9 v\u00fdnimky platia tam, kde je potrebn\u00e9 spracovanie: na uplat\u0148ovanie pr\u00e1va na slobodu prejavu a inform\u00e1ci\u00ed; dodr\u017eiavanie z\u00e1konnej povinnosti; alebo na vznik, v\u00fdkon alebo obranu pr\u00e1vnych n\u00e1rokov.<\/p>\n\n\n\n<p>7.6 Za ur\u010dit\u00fdch okolnost\u00ed m\u00e1te pr\u00e1vo obmedzi\u0165 spracovanie va\u0161ich osobn\u00fdch \u00fadajov. Tieto okolnosti s\u00fa: spochyb\u0148ujete presnos\u0165 osobn\u00fdch \u00fadajov; spracovanie je nez\u00e1konn\u00e9, ale vylu\u010dujete vymazanie; u\u017e nepotrebujeme osobn\u00e9 \u00fadaje na \u00fa\u010dely n\u00e1\u0161ho spracovania, ale po\u017eadujete osobn\u00e9 \u00fadaje na zriadenie, uplatnenie alebo obhajobu pr\u00e1vnych n\u00e1rokov; a vy ste namietali proti spracovaniu, a\u017e do overenia tejto n\u00e1mietky. Ak je spracovanie na tomto z\u00e1klade obmedzen\u00e9, m\u00f4\u017eeme na\u010falej uchov\u00e1va\u0165 va\u0161e osobn\u00e9 \u00fadaje. Budeme ich v\u0161ak spracov\u00e1va\u0165 inak: s va\u0161\u00edm s\u00fahlasom; na vznik, v\u00fdkon alebo obranu pr\u00e1vnych n\u00e1rokov; na ochranu pr\u00e1v inej fyzickej alebo pr\u00e1vnickej osoby; alebo z d\u00f4vodov d\u00f4le\u017eit\u00e9ho verejn\u00e9ho z\u00e1ujmu.<\/p>\n\n\n\n<p>7.7 M\u00e1te pr\u00e1vo vznies\u0165 n\u00e1mietky vo\u010di spracovaniu va\u0161ich osobn\u00fdch \u00fadajov z d\u00f4vodu va\u0161ej konkr\u00e9tnej situ\u00e1cie, ale iba v rozsahu, v akom to pr\u00e1vny z\u00e1klad povo\u013euje. Spracovanie je nevyhnutn\u00e9 pre: plnenie \u00falohy vykon\u00e1vanej vo verejnom z\u00e1ujme alebo pri v\u00fdkone ak\u00e9hoko\u013evek \u00faradn\u00e9ho org\u00e1nu, ktor\u00fd n\u00e1m bol zveren\u00fd; alebo na \u00fa\u010dely opr\u00e1vnen\u00fdch z\u00e1ujmov, ktor\u00e9 sledujeme na z\u00e1klade n\u00e1s alebo tretej strany. Ak tak\u00fato n\u00e1mietku urob\u00edte a nem\u00f4\u017eeme preuk\u00e1za\u0165 presved\u010div\u00e9 opr\u00e1vnen\u00e9 d\u00f4vody na spracovanie, ktor\u00e9 prevy\u0161uj\u00fa va\u0161e z\u00e1ujmy, pr\u00e1va a slobody, alebo spracovanie je na vytvorenie, v\u00fdkon alebo obranu pr\u00e1vnych n\u00e1rokov, prestaneme spracov\u00e1va\u0165 osobn\u00e9 inform\u00e1cie.<\/p>\n\n\n\n<p>7.8 M\u00e1te pr\u00e1vo namieta\u0165 proti spracovaniu va\u0161ich osobn\u00fdch \u00fadajov na \u00fa\u010dely priameho marketingu (vr\u00e1tane profilovania). Ak tak\u00fato n\u00e1mietku urob\u00edte, prestaneme spracov\u00e1va\u0165 va\u0161e osobn\u00e9 \u00fadaje na tento \u00fa\u010del.<\/p>\n\n\n\n<p>7.9 M\u00e1te pr\u00e1vo vznies\u0165 n\u00e1mietky vo\u010di spracovaniu va\u0161ich osobn\u00fdch \u00fadajov na vedeck\u00e9 alebo historick\u00e9 v\u00fdskumn\u00e9 \u00fa\u010dely alebo na \u0161tatistick\u00e9 \u00fa\u010dely z d\u00f4vodov t\u00fdkaj\u00facich sa va\u0161ej konkr\u00e9tnej situ\u00e1cie, pokia\u013e nie je spracovanie nevyhnutn\u00e9 na \u00falohy vykonan\u00e9 z d\u00f4vodov verejn\u00e9ho z\u00e1ujmu.<\/p>\n\n\n\n<p>7.10 Pr\u00e1vny z\u00e1klad pre spracovanie va\u0161ich osobn\u00fdch \u00fadajov je:<\/p>\n\n\n\n<p>(a) s\u00fahlas; alebo<\/p>\n\n\n\n<p>(b) ak je spracovanie nevyhnutn\u00e9 pre plnenie zmluvy, na ktorej ste zmluvnou stranou, alebo na vykonanie krokov na z\u00e1klade va\u0161ej \u017eiadosti pred uzatvoren\u00edm zmluvy,<\/p>\n\n\n\n<p>(c) a tak\u00e9to spracovanie sa uskuto\u010d\u0148uje automatizovan\u00fdmi prostriedkami, m\u00e1te pr\u00e1vo obdr\u017ea\u0165 va\u0161e osobn\u00e9 \u00fadaje v \u0161trukt\u00farovanom, be\u017ene pou\u017e\u00edvanom a strojom \u010ditate\u013enom form\u00e1te. Toto pr\u00e1vo sa v\u0161ak neuplat\u0148uje, ak by nepriaznivo ovplyvnilo pr\u00e1va a slobody in\u00fdch.<\/p>\n\n\n\n<p>7.11 Ak sa domnievate, \u017ee na\u0161e spracovanie va\u0161ich osobn\u00fdch \u00fadajov poru\u0161uje z\u00e1kony na ochranu \u00fadajov, m\u00e1te z\u00e1konn\u00e9 pr\u00e1vo poda\u0165 s\u0165a\u017enos\u0165 org\u00e1nu doh\u013eadu zodpovedn\u00e9mu za ochranu \u00fadajov. M\u00f4\u017eete tak urobi\u0165 v \u010dlenskom \u0161t\u00e1te E\u00da v\u00e1\u0161ho obvykl\u00e9ho pobytu, miesta v\u00fdkonu pr\u00e1ce alebo miesta \u00fadajn\u00e9ho poru\u0161enia.<\/p>\n\n\n\n<p>7.12 V rozsahu, v akom je pr\u00e1vny z\u00e1klad pre spracovanie va\u0161ich osobn\u00fdch \u00fadajov ods\u00fahlasen\u00fd, m\u00e1te pr\u00e1vo kedyko\u013evek odobra\u0165 tento s\u00fahlas.<\/p>\n\n\n\n<p>7.13 M\u00f4\u017eete uplatni\u0165 ak\u00e9ko\u013evek va\u0161e pr\u00e1va vo vz\u0165ahu k va\u0161im osobn\u00fdm \u00fadajom prostredn\u00edctvom p\u00edsomn\u00e9ho ozn\u00e1menia.<\/p>\n\n\n\n<h3 class=\"wp-block-heading\">8. O cookies<\/h3>\n\n\n\n<p>8.1 Cookie je s\u00fabor obsahuj\u00faci identifik\u00e1tor (re\u0165azec p\u00edsmen a \u010d\u00edsel), ktor\u00fd posiela webov\u00fd server do webov\u00e9ho prehliada\u010da a je ulo\u017een\u00fd prehliada\u010dom. Identifik\u00e1tor sa potom odosiela sp\u00e4\u0165 na server v\u017edy, ke\u010f prehliada\u010d po\u017eaduje od servera str\u00e1nku.<\/p>\n\n\n\n<p>8.2 S\u00fabory cookies m\u00f4\u017eu by\u0165 bu\u010f \u201etrval\u00e9\u201c s\u00fabory cookies, alebo s\u00fabory \u201erel\u00e1cie\u201c: trval\u00fd s\u00fabor cookie bude ulo\u017een\u00fd vo webovom prehliada\u010di a zostane platn\u00fd a\u017e do stanoven\u00e9ho d\u00e1tumu vypr\u0161ania platnosti, pokia\u013e nie je pred d\u00e1tumom vypr\u0161ania platnosti vymazan\u00fd pou\u017e\u00edvate\u013eom; cookies rel\u00e1cie vypr\u0161ia na konci rel\u00e1cie pou\u017e\u00edvate\u013ea, ke\u010f je webov\u00fd prehliada\u010d zatvoren\u00fd.<\/p>\n\n\n\n<p>8.3 S\u00fabory cookies zvy\u010dajne neobsahuj\u00fa \u017eiadne inform\u00e1cie, ktor\u00e9 osobne identifikuj\u00fa pou\u017e\u00edvate\u013ea, ale osobn\u00e9 inform\u00e1cie, ktor\u00e9 uklad\u00e1me, m\u00f4\u017eu by\u0165 prepojen\u00e9 s inform\u00e1ciami ulo\u017een\u00fdmi v cookies a z\u00edskan\u00fdmi z nich.<\/p>\n\n\n\n<h3 class=\"wp-block-heading\">9. Cookies, ktor\u00e9 pou\u017e\u00edvame<\/h3>\n\n\n\n<p>9.1 Cookies pou\u017e\u00edvame na nasleduj\u00face \u00fa\u010dely:<\/p>\n\n\n\n<p>(a) overovanie \u2013 s\u00fabory cookies pou\u017e\u00edvame na va\u0161u identifik\u00e1ciu pri n\u00e1v\u0161teve na\u0161ich webov\u00fdch str\u00e1nok a po\u010das navig\u00e1cie na na\u0161ich webov\u00fdch str\u00e1nkach;<\/p>\n\n\n\n<p>(b) anal\u00fdza \u2013 pou\u017e\u00edvame s\u00fabory cookies, ktor\u00e9 n\u00e1m pom\u00e1haj\u00fa analyzova\u0165 pou\u017e\u00edvanie a v\u00fdkonnos\u0165 na\u0161ich webov\u00fdch str\u00e1nok a slu\u017eieb; a<\/p>\n\n\n\n<p>(c) s\u00fahlas cookies \u2013 s\u00fabory cookies pou\u017e\u00edvame na ukladanie va\u0161ich preferenci\u00ed k pou\u017e\u00edvaniu s\u00faborov cookies pri preh\u013ead\u00e1n\u00ed webovej str\u00e1nky<\/p>\n\n\n\n<h3 class=\"wp-block-heading\">10. Cookies pou\u017e\u00edvan\u00e9 na\u0161imi poskytovate\u013emi slu\u017eieb<\/h3>\n\n\n\n<p>10.1 Na\u0161i poskytovatelia slu\u017eieb pou\u017e\u00edvaj\u00fa s\u00fabory cookies a tieto cookies m\u00f4\u017eu by\u0165 ulo\u017een\u00e9 vo va\u0161om po\u010d\u00edta\u010di pri n\u00e1v\u0161teve na\u0161ich webov\u00fdch str\u00e1nok.<\/p>\n\n\n\n<p>10.2 Na anal\u00fdzu pou\u017e\u00edvania na\u0161ich webov\u00fdch str\u00e1nok pou\u017e\u00edvame slu\u017ebu <em>Google Analytics<\/em>. Slu\u017eba Google Analytics zhroma\u017e\u010fuje inform\u00e1cie o pou\u017e\u00edvan\u00ed webov\u00fdch str\u00e1nok prostredn\u00edctvom s\u00faborov cookies. Zhroma\u017eden\u00e9 inform\u00e1cie t\u00fdkaj\u00face sa na\u0161ich webov\u00fdch str\u00e1nok sa pou\u017e\u00edvaj\u00fa na vytv\u00e1ranie preh\u013eadov o pou\u017e\u00edvan\u00ed na\u0161ich webov\u00fdch str\u00e1nok. Pravidl\u00e1 ochrany osobn\u00fdch \u00fadajov spolo\u010dnosti Google s\u00fa k dispoz\u00edcii na str\u00e1nke: <a href=\"https:\/\/policies.google.com\/privacy?hl=sk\" target=\"_blank\" rel=\"noreferrer noopener\">https:\/\/policies.google.com\/privacy?hl=sk<\/a>.<\/p>\n\n\n\n<h3 class=\"wp-block-heading\">11. Spr\u00e1va s\u00faborov cookies<\/h3>\n\n\n\n<p>11.1 V\u00e4\u010d\u0161ina prehliada\u010dov v\u00e1m umo\u017e\u0148uje odmietnu\u0165 prijatie s\u00faborov cookies a odstr\u00e1ni\u0165 s\u00fabory cookies. Met\u00f3dy na ich spr\u00e1vu sa l\u00ed\u0161ia v z\u00e1vislosti od prehliada\u010da a verzie prehliada\u010da. M\u00f4\u017eete v\u0161ak z\u00edska\u0165 aktu\u00e1lne inform\u00e1cie o blokovan\u00ed a mazan\u00ed s\u00faborov cookies prostredn\u00edctvom t\u00fdchto odkazov:<\/p>\n\n\n\n<p>(a) <a href=\"https:\/\/support.google.com\/chrome\/answer\/95647?hl=sk\" target=\"_blank\" rel=\"noreferrer noopener\">https:\/\/support.google.com\/chrome\/answer\/95647?hl=sk<\/a> (Chrome);<\/p>\n\n\n\n<p>(b) <a href=\"https:\/\/support.mozilla.org\/sk\/kb\/povolenie-zakazanie-cookies\" target=\"_blank\" rel=\"noreferrer noopener\">https:\/\/support.mozilla.org\/sk\/kb\/povolenie-zakazanie-cookies<\/a> (Firefox);<\/p>\n\n\n\n<p>(c) <a href=\"http:\/\/www.opera.com\/help\/tutorials\/security\/cookies\/\" target=\"_blank\" rel=\"noreferrer noopener\">http:\/\/www.opera.com\/help\/tutorials\/security\/cookies\/<\/a> (Opera);<\/p>\n\n\n\n<p>(d) <a href=\"https:\/\/support.microsoft.com\/sk-sk\/help\/17442\/windows-internet-explorer-delete-manage-cookies\" target=\"_blank\" rel=\"noreferrer noopener\">https:\/\/support.microsoft.com\/sk-sk\/help\/17442\/windows-internet-explorer-delete-manage-cookies<\/a> (Internet Explorer);<\/p>\n\n\n\n<p>(e) <a href=\"https:\/\/support.apple.com\/kb\/PH21411?locale=sk_SK\" target=\"_blank\" rel=\"noreferrer noopener\">https:\/\/support.apple.com\/kb\/PH21411?locale=sk_SK<\/a> (Safari); and<\/p>\n\n\n\n<p>(f) <a href=\"https:\/\/privacy.microsoft.com\/en-us\/windows-10-microsoft-edge-and-privacy\" target=\"_blank\" rel=\"noreferrer noopener\">https:\/\/privacy.microsoft.com\/en-us\/windows-10-microsoft-edge-and-privacy<\/a> (Edge).<\/p>\n\n\n\n<p>11.2 Blokovanie v\u0161etk\u00fdch s\u00faborov cookies bude ma\u0165 negat\u00edvny vplyv na pou\u017eite\u013enos\u0165 mnoh\u00fdch webov\u00fdch str\u00e1nok.<\/p>\n\n\n\n<p>11.3 Ak zablokujete cookies, nebudete m\u00f4c\u0165 pou\u017e\u00edva\u0165 v\u0161etky funkcie na\u0161ich webov\u00fdch str\u00e1nok.<\/p>\n\n\n\n<h3 class=\"wp-block-heading\">12. Podrobnosti o n\u00e1s<\/h3>\n\n\n\n<p>12.1 T\u00fato webov\u00fa str\u00e1nku vlastn\u00ed a prev\u00e1dzkuje spolo\u010dnos\u0165 <em>LPJ, s.r.o.<\/em><\/p>\n\n\n\n<p>12.2 Na Slovensku sme registrovan\u00ed registra\u010dn\u00fdm \u010d\u00edslom (I\u010cO) 43811957, s\u00eddlime na adrese <em>Bako\u0161ova 30, 841 03, Bratislava, Slovensko<\/em>.<\/p>\n\n\n\n<p>12.3 Na\u0161im miestom podnikania je <em><em>Bako\u0161ova 30, 841 03, Bratislava<\/em><\/em>.<\/p>\n\n\n\n<p>12.4 M\u00f4\u017eete n\u00e1s kontaktova\u0165:<\/p>\n\n\n\n<p>(a) po\u0161tou na uveden\u00fa po\u0161tov\u00fa adresu;<\/p>\n\n\n\n<p>(b) telefonicky, na \u010d\u00edslo kontaktu uverejnen\u00e9 na na\u0161ej webovej str\u00e1nke; alebo<\/p>\n\n\n\n<p>(c) e-mailom, pou\u017eit\u00edm e-mailovej adresy uverejnenej na na\u0161ej webovej str\u00e1nke.<\/p>\n\n\n\n<h3 class=\"wp-block-heading\">13. \u00daradn\u00edk pre ochranu \u00fadajov<\/h3>\n\n\n\n<p>13.1 Kontaktn\u00e9 \u00fadaje n\u00e1\u0161ho spr\u00e1vcu \u00fadajov: <em>Peter Ja\u0161ko, <\/em><a href=\"mailto:peter.jasko@lpj.sk\" target=\"_blank\" rel=\"noreferrer noopener\"><em>peter.jasko@lpj.sk<\/em><\/a>, <em>+421 905 582 473<a href=\"tel:+421327712206\"><\/a><\/em><\/p>\n\n\n\n<h3 class=\"wp-block-heading\">14. Zdroj<\/h3>\n\n\n\n<p>14.1 Tento dokument bol vytvoren\u00fd pomocou \u0161abl\u00f3ny zo SEQ Legal (<a href=\"https:\/\/seqlegal.com\" target=\"_blank\" rel=\"noreferrer noopener\">https:\/\/seqlegal.com<\/a>).<\/p>\n\n\n\n<h2 class=\"wp-block-heading\">Kam posielame va\u0161e \u00fadaje<\/h2>\n\n\n\n<p><strong class=\"privacy-policy-tutorial\">Navrhovan\u00fd text: <\/strong>Koment\u00e1re n\u00e1v\u0161tevn\u00edkov m\u00f4\u017eu by\u0165 kontrolovan\u00e9 prostredn\u00edctvom automatizovanej slu\u017eby na detekciu spamu.<\/p>\n","protected":false},"excerpt":{"rendered":"<p>Z\u00e1sady ochrany osobn\u00fdch \u00fadajov 1. \u00davod 1.1 Zaviazali sme sa chr\u00e1ni\u0165 s\u00fakromie n\u00e1v\u0161tevn\u00edkov na\u0161ich str\u00e1nok a pou\u017e\u00edvate\u013eov na\u0161ich slu\u017eieb. 1.2 Tieto pravidl\u00e1 platia v\u0161ade tam, ke\u010f sme spr\u00e1vcami osobn\u00fdch \u00fadajov n\u00e1v\u0161tevn\u00edkov na\u0161ich webov\u00fdch str\u00e1nok a pou\u017e\u00edvate\u013eov na\u0161ich slu\u017eieb, in\u00fdmi slovami, kde ur\u010dujeme \u00fa\u010del a v\u00fdznam spracovania t\u00fdchto osobn\u00fdch \u00fadajov. 1.3&#8230;<\/p>\n","protected":false},"author":1,"featured_media":0,"parent":0,"menu_order":0,"comment_status":"closed","ping_status":"open","template":"","meta":{"_monsterinsights_skip_tracking":false,"_monsterinsights_sitenote_active":false,"_monsterinsights_sitenote_note":"","_monsterinsights_sitenote_category":0,"footnotes":""},"class_list":["post-3","page","type-page","status-publish","hentry"],"_links":{"self":[{"href":"https:\/\/lpj.sk\/index.php?rest_route=\/wp\/v2\/pages\/3","targetHints":{"allow":["GET"]}}],"collection":[{"href":"https:\/\/lpj.sk\/index.php?rest_route=\/wp\/v2\/pages"}],"about":[{"href":"https:\/\/lpj.sk\/index.php?rest_route=\/wp\/v2\/types\/page"}],"author":[{"embeddable":true,"href":"https:\/\/lpj.sk\/index.php?rest_route=\/wp\/v2\/users\/1"}],"replies":[{"embeddable":true,"href":"https:\/\/lpj.sk\/index.php?rest_route=%2Fwp%2Fv2%2Fcomments&post=3"}],"version-history":[{"count":2,"href":"https:\/\/lpj.sk\/index.php?rest_route=\/wp\/v2\/pages\/3\/revisions"}],"predecessor-version":[{"id":52,"href":"https:\/\/lpj.sk\/index.php?rest_route=\/wp\/v2\/pages\/3\/revisions\/52"}],"wp:attachment":[{"href":"https:\/\/lpj.sk\/index.php?rest_route=%2Fwp%2Fv2%2Fmedia&parent=3"}],"curies":[{"name":"wp","href":"https:\/\/api.w.org\/{rel}","templated":true}]}}