{"id":29,"date":"2022-09-29T10:32:22","date_gmt":"2022-09-29T08:32:22","guid":{"rendered":"http:\/\/lpj.sk\/?page_id=29"},"modified":"2026-03-03T11:29:44","modified_gmt":"2026-03-03T10:29:44","slug":"kontakt","status":"publish","type":"page","link":"https:\/\/lpj.sk\/?page_id=29","title":{"rendered":"Kontakt"},"content":{"rendered":"\n<h1 class=\"wp-block-heading\"><strong>Kde n\u00e1s n\u00e1jdete<\/strong><\/h1>\n\n\n\n<h2 class=\"wp-block-heading\">Sme v\u00e1m k dispoz\u00edcii v Bratislave &#8211; Lama\u010d<\/h2>\n\n\n\n<p>V priestoroch star\u00e9ho obchodn\u00e9ho domu Lama\u010d na Hodon\u00ednskej ulici \u010d.1<\/p>\n\n\n\n<iframe src=\"https:\/\/www.google.com\/maps\/embed?pb=!1m14!1m12!1m3!1d456.7299354719929!2d17.044998557420886!3d48.19965849049545!2m3!1f0!2f0!3f0!3m2!1i1024!2i768!4f13.1!5e0!3m2!1ssk!2ssk!4v1772532612118!5m2!1ssk!2ssk\" width=\"400\" height=\"300\" style=\"border:0;\" allowfullscreen=\"\" loading=\"lazy\" referrerpolicy=\"no-referrer-when-downgrade\"><\/iframe>\n\n\n\n<div class=\"wp-block-buttons is-layout-flex wp-block-buttons-is-layout-flex\">\n<div class=\"wp-block-button\"><a class=\"wp-block-button__link wp-element-button\" href=\"mailto:peter.jasko@lpj.sk\">Nap\u00ed\u0161te n\u00e1m<\/a><\/div>\n<\/div>\n\n\n\n<div style=\"height:100px\" aria-hidden=\"true\" class=\"wp-block-spacer\"><\/div>\n\n\n\n<div class=\"wp-block-columns is-layout-flex wp-container-core-columns-is-layout-9d6595d7 wp-block-columns-is-layout-flex\">\n<div class=\"wp-block-column is-layout-flow wp-block-column-is-layout-flow\">\n<h4 class=\"wp-block-heading\">LPJ s.r.o.<\/h4>\n\n\n\n<p>Bako\u0161ova 30<\/p>\n\n\n\n<p>841 03 Bratislava &#8211; Lama\u010d<\/p>\n\n\n\n<p>I\u010cO: 43811957<\/p>\n\n\n\n<p>DI\u010c: 2022505012<\/p>\n\n\n\n<p>I\u010c DPH: SK2022505012<\/p>\n<\/div>\n\n\n\n<div class=\"wp-block-column is-layout-flow wp-block-column-is-layout-flow\">\n<h4 class=\"wp-block-heading\">Ing. Peter Ja\u0161ko, PhD.<\/h4>\n\n\n\n<p><em>konate\u013e<\/em><\/p>\n\n\n\n<p>mobil: +421 905 582 473<\/p>\n\n\n\n<p>email: <a href=\"mailto:peter.jasko@lpj.sk\">peter.jasko@lpj.sk<\/a><\/p>\n<\/div>\n\n\n\n<div class=\"wp-block-column is-layout-flow wp-block-column-is-layout-flow\">\n<h4 class=\"wp-block-heading\">Libu\u0161e Ja\u0161kov\u00e1<\/h4>\n\n\n\n<p><em>\u00fa\u010dtovn\u00edctvo, faktur\u00e1cia<\/em><\/p>\n\n\n\n<p>mobil: +421 905 470 578<\/p>\n\n\n\n<p>email: <a href=\"mailto:vjasko@nextra.sk\">vjasko@nextra.sk<\/a><\/p>\n\n\n\n<p><\/p>\n\n\n\n<p><\/p>\n\n\n\n<p><\/p>\n<\/div>\n<\/div>\n","protected":false},"excerpt":{"rendered":"<p>Kde n\u00e1s n\u00e1jdete Sme v\u00e1m k dispoz\u00edcii v Bratislave &#8211; Lama\u010d V priestoroch star\u00e9ho obchodn\u00e9ho domu Lama\u010d na Hodon\u00ednskej ulici \u010d.1 LPJ s.r.o. Bako\u0161ova 30 841 03 Bratislava &#8211; Lama\u010d I\u010cO: 43811957 DI\u010c: 2022505012 I\u010c DPH: SK2022505012 Ing. Peter Ja\u0161ko, PhD. konate\u013e mobil: +421 905 582 473 email: peter.jasko@lpj.sk Libu\u0161e&#8230;<\/p>\n","protected":false},"author":1,"featured_media":0,"parent":0,"menu_order":0,"comment_status":"closed","ping_status":"closed","template":"","meta":{"_monsterinsights_skip_tracking":false,"_monsterinsights_sitenote_active":false,"_monsterinsights_sitenote_note":"","_monsterinsights_sitenote_category":0,"footnotes":""},"class_list":["post-29","page","type-page","status-publish","hentry"],"_links":{"self":[{"href":"https:\/\/lpj.sk\/index.php?rest_route=\/wp\/v2\/pages\/29","targetHints":{"allow":["GET"]}}],"collection":[{"href":"https:\/\/lpj.sk\/index.php?rest_route=\/wp\/v2\/pages"}],"about":[{"href":"https:\/\/lpj.sk\/index.php?rest_route=\/wp\/v2\/types\/page"}],"author":[{"embeddable":true,"href":"https:\/\/lpj.sk\/index.php?rest_route=\/wp\/v2\/users\/1"}],"replies":[{"embeddable":true,"href":"https:\/\/lpj.sk\/index.php?rest_route=%2Fwp%2Fv2%2Fcomments&post=29"}],"version-history":[{"count":6,"href":"https:\/\/lpj.sk\/index.php?rest_route=\/wp\/v2\/pages\/29\/revisions"}],"predecessor-version":[{"id":241,"href":"https:\/\/lpj.sk\/index.php?rest_route=\/wp\/v2\/pages\/29\/revisions\/241"}],"wp:attachment":[{"href":"https:\/\/lpj.sk\/index.php?rest_route=%2Fwp%2Fv2%2Fmedia&parent=29"}],"curies":[{"name":"wp","href":"https:\/\/api.w.org\/{rel}","templated":true}]}}