{"id":28,"date":"2022-09-29T10:32:22","date_gmt":"2022-09-29T08:32:22","guid":{"rendered":"http:\/\/lpj.sk\/?page_id=28"},"modified":"2026-02-01T12:21:45","modified_gmt":"2026-02-01T11:21:45","slug":"sluzby","status":"publish","type":"page","link":"https:\/\/lpj.sk\/?page_id=28","title":{"rendered":"Slu\u017eby"},"content":{"rendered":"\n<h2 class=\"wp-block-heading\"><strong>N\u00e1vrhy a realiz\u00e1cia opr\u00e1v mechanick\u00fdch \u010dast\u00ed strojov a zariaden\u00ed<\/strong><\/h2>\n\n\n\n<ul class=\"wp-block-list\">\n<li>N\u00e1vrh ideov\u00e9ho rie\u0161enia<\/li>\n\n\n\n<li>3D n\u00e1vrh<\/li>\n\n\n\n<li>Kon\u0161trukcia a vypracovanie v\u00fdkresovej dokument\u00e1cie<\/li>\n\n\n\n<li>V\u00fdroba a uvedenie do prev\u00e1dzky navrhnut\u00fdch zariaden\u00ed<\/li>\n\n\n\n<li>Vypracovanie sprievodnej technickej dokument\u00e1cie<\/li>\n\n\n\n<li>Kovoobr\u00e1banie<\/li>\n<\/ul>\n\n\n\n<p><\/p>\n\n\n\n<h2 class=\"wp-block-heading\"><strong>N\u00e1vrh a realiz\u00e1cia technol\u00f3gi\u00ed zv\u00e1rania<\/strong><\/h2>\n\n\n\n<ul class=\"wp-block-list\">\n<li>Vypracovanie sprievodnej technickej dokument\u00e1cie<\/li>\n\n\n\n<li>Vypracovanie zv\u00e1racej dokument\u00e1cie (pWPS, WPS, WPQR)<\/li>\n\n\n\n<li>Dozor pri zv\u00e1ran\u00ed<\/li>\n\n\n\n<li>Zv\u00e1ranie antikor\u00f3znych ocel\u00ed<\/li>\n\n\n\n<li>Zv\u00e1ranie hlin\u00edka a jeho zliatin<\/li>\n\n\n\n<li>Opravy zv\u00e1ran\u00edm<\/li>\n\n\n\n<li>N\u00e1vrh a v\u00fdroba zv\u00e1ran\u00fdch kon\u0161trukci\u00ed<\/li>\n\n\n\n<li>NDT sk\u00fa\u0161ky (VT, PT)<\/li>\n<\/ul>\n","protected":false},"excerpt":{"rendered":"<p>N\u00e1vrhy a realiz\u00e1cia opr\u00e1v mechanick\u00fdch \u010dast\u00ed strojov a zariaden\u00ed N\u00e1vrh a realiz\u00e1cia technol\u00f3gi\u00ed zv\u00e1rania<\/p>\n","protected":false},"author":1,"featured_media":0,"parent":0,"menu_order":0,"comment_status":"closed","ping_status":"closed","template":"","meta":{"_monsterinsights_skip_tracking":false,"_monsterinsights_sitenote_active":false,"_monsterinsights_sitenote_note":"","_monsterinsights_sitenote_category":0,"footnotes":""},"class_list":["post-28","page","type-page","status-publish","hentry"],"_links":{"self":[{"href":"https:\/\/lpj.sk\/index.php?rest_route=\/wp\/v2\/pages\/28","targetHints":{"allow":["GET"]}}],"collection":[{"href":"https:\/\/lpj.sk\/index.php?rest_route=\/wp\/v2\/pages"}],"about":[{"href":"https:\/\/lpj.sk\/index.php?rest_route=\/wp\/v2\/types\/page"}],"author":[{"embeddable":true,"href":"https:\/\/lpj.sk\/index.php?rest_route=\/wp\/v2\/users\/1"}],"replies":[{"embeddable":true,"href":"https:\/\/lpj.sk\/index.php?rest_route=%2Fwp%2Fv2%2Fcomments&post=28"}],"version-history":[{"count":6,"href":"https:\/\/lpj.sk\/index.php?rest_route=\/wp\/v2\/pages\/28\/revisions"}],"predecessor-version":[{"id":219,"href":"https:\/\/lpj.sk\/index.php?rest_route=\/wp\/v2\/pages\/28\/revisions\/219"}],"wp:attachment":[{"href":"https:\/\/lpj.sk\/index.php?rest_route=%2Fwp%2Fv2%2Fmedia&parent=28"}],"curies":[{"name":"wp","href":"https:\/\/api.w.org\/{rel}","templated":true}]}}